{"id":1248,"date":"2023-10-10T12:43:29","date_gmt":"2023-10-10T15:43:29","guid":{"rendered":"https:\/\/plataformacosmoseducacao.com.br\/?post_type=product&#038;p=1248"},"modified":"2023-10-10T16:50:35","modified_gmt":"2023-10-10T19:50:35","slug":"pote-de-flores","status":"publish","type":"product","link":"https:\/\/plataformacosmoseducacao.com.br\/?product=pote-de-flores","title":{"rendered":"Pote de flores"},"content":{"rendered":"\t\t<div data-elementor-type=\"wp-post\" data-elementor-id=\"1248\" class=\"elementor elementor-1248\">\n\t\t\t\t<div class=\"elementor-element elementor-element-ff15af9 e-flex e-con-boxed e-con e-parent\" data-id=\"ff15af9\" data-element_type=\"container\" data-e-type=\"container\">\n\t\t\t\t\t<div class=\"e-con-inner\">\n\t\t\t\t<div class=\"elementor-element elementor-element-6392d14 elementor-align-left elementor-widget elementor-widget-shopengine-product-category-lists\" data-id=\"6392d14\" data-element_type=\"widget\" data-e-type=\"widget\" data-widget_type=\"shopengine-product-category-lists.default\">\n\t\t\t\t<div class=\"elementor-widget-container\">\n\t\t\t\t\t<div class=\"shopengine shopengine-widget\">\n<div class=\"shopengine-product-category-lists\">\n\n    \n        <div class=\"shopengine-category-lists-grid\">\n\n                            \n                        <div class=\"single-cat-list-item\" >\n                            <div class=\"product-category-wrap\">\n                                <div class=\"single-product-category\">\n                                    <a title=\"Todas as atividades interativas\" href=\"https:\/\/plataformacosmoseducacao.com.br\/?product_cat=uncategorized\">\n                                        <h3 class=\"product-category-title\">\n                                            Todas as atividades interativas                                        <\/h3>\n\n                                                                            <\/a>\n                                    <!-- dot shap -->\n                                <\/div>\n                            <\/div>\n                        <\/div>\n                    \n                        <div class=\"single-cat-list-item\" >\n                            <div class=\"product-category-wrap\">\n                                <div class=\"single-product-category\">\n                                    <a title=\"Ensino M\u00e9dio\" href=\"https:\/\/plataformacosmoseducacao.com.br\/?product_cat=ensino-medio\">\n                                        <h3 class=\"product-category-title\">\n                                            Ensino M\u00e9dio                                        <\/h3>\n\n                                                                            <\/a>\n                                    <!-- dot shap -->\n                                <\/div>\n                            <\/div>\n                        <\/div>\n                    \n                        <div class=\"single-cat-list-item\" >\n                            <div class=\"product-category-wrap\">\n                                <div class=\"single-product-category\">\n                                    <a title=\"Ensino Fundamental II\" href=\"https:\/\/plataformacosmoseducacao.com.br\/?product_cat=ensino-fundamental-ii\">\n                                        <h3 class=\"product-category-title\">\n                                            Ensino Fundamental II                                        <\/h3>\n\n                                                                            <\/a>\n                                    <!-- dot shap -->\n                                <\/div>\n                            <\/div>\n                        <\/div>\n                    \n                        <div class=\"single-cat-list-item\" >\n                            <div class=\"product-category-wrap\">\n                                <div class=\"single-product-category\">\n                                    <a title=\"Ensino Fundamental I\" href=\"https:\/\/plataformacosmoseducacao.com.br\/?product_cat=ensino-fundamental-i\">\n                                        <h3 class=\"product-category-title\">\n                                            Ensino Fundamental I                                        <\/h3>\n\n                                                                            <\/a>\n                                    <!-- dot shap -->\n                                <\/div>\n                            <\/div>\n                        <\/div>\n                    \n                        <div class=\"single-cat-list-item\" >\n                            <div class=\"product-category-wrap\">\n                                <div class=\"single-product-category\">\n                                    <a title=\"Educa\u00e7\u00e3o Infantil\" href=\"https:\/\/plataformacosmoseducacao.com.br\/?product_cat=educacao-infantil\">\n                                        <h3 class=\"product-category-title\">\n                                            Educa\u00e7\u00e3o Infantil                                        <\/h3>\n\n                                                                            <\/a>\n                                    <!-- dot shap -->\n                                <\/div>\n                            <\/div>\n                        <\/div>\n                                        <\/div>\n    \n<\/div><\/div>\t\t\t\t<\/div>\n\t\t\t\t<\/div>\n\t\t\t\t\t<\/div>\n\t\t\t\t<\/div>\n\t\t\t\t<\/div>\n\t\t","protected":false},"excerpt":{"rendered":"<p>Todas as atividades interativas Ensino M\u00e9dio Ensino Fundamental II Ensino Fundamental I Educa\u00e7\u00e3o Infantil<\/p>\n","protected":false},"featured_media":1251,"template":"","meta":{"_monsterinsights_skip_tracking":false,"_monsterinsights_sitenote_active":false,"_monsterinsights_sitenote_note":"","_monsterinsights_sitenote_category":0,"site-sidebar-layout":"default","site-content-layout":"","ast-site-content-layout":"default","site-content-style":"default","site-sidebar-style":"default","ast-global-header-display":"","ast-banner-title-visibility":"","ast-main-header-display":"","ast-hfb-above-header-display":"","ast-hfb-below-header-display":"","ast-hfb-mobile-header-display":"","site-post-title":"","ast-breadcrumbs-content":"","ast-featured-img":"","footer-sml-layout":"","theme-transparent-header-meta":"","adv-header-id-meta":"","stick-header-meta":"","header-above-stick-meta":"","header-main-stick-meta":"","header-below-stick-meta":"","astra-migrate-meta-layouts":"default","ast-page-background-enabled":"default","ast-page-background-meta":{"desktop":{"background-color":"var(--ast-global-color-5)","background-image":"","background-repeat":"repeat","background-position":"center center","background-size":"auto","background-attachment":"scroll","background-type":"","background-media":"","overlay-type":"","overlay-color":"","overlay-opacity":"","overlay-gradient":""},"tablet":{"background-color":"","background-image":"","background-repeat":"repeat","background-position":"center center","background-size":"auto","background-attachment":"scroll","background-type":"","background-media":"","overlay-type":"","overlay-color":"","overlay-opacity":"","overlay-gradient":""},"mobile":{"background-color":"","background-image":"","background-repeat":"repeat","background-position":"center center","background-size":"auto","background-attachment":"scroll","background-type":"","background-media":"","overlay-type":"","overlay-color":"","overlay-opacity":"","overlay-gradient":""}},"ast-content-background-meta":{"desktop":{"background-color":"var(--ast-global-color-4)","background-image":"","background-repeat":"repeat","background-position":"center center","background-size":"auto","background-attachment":"scroll","background-type":"","background-media":"","overlay-type":"","overlay-color":"","overlay-opacity":"","overlay-gradient":""},"tablet":{"background-color":"var(--ast-global-color-4)","background-image":"","background-repeat":"repeat","background-position":"center center","background-size":"auto","background-attachment":"scroll","background-type":"","background-media":"","overlay-type":"","overlay-color":"","overlay-opacity":"","overlay-gradient":""},"mobile":{"background-color":"var(--ast-global-color-4)","background-image":"","background-repeat":"repeat","background-position":"center center","background-size":"auto","background-attachment":"scroll","background-type":"","background-media":"","overlay-type":"","overlay-color":"","overlay-opacity":"","overlay-gradient":""}}},"product_brand":[],"product_cat":[15,32,31,43,50],"product_tag":[],"class_list":{"0":"post-1248","1":"product","2":"type-product","3":"status-publish","4":"has-post-thumbnail","6":"product_cat-uncategorized","7":"product_cat-educacao-infantil","8":"product_cat-ensino-fundamental-i","9":"product_cat-gratis","10":"product_cat-meio-ambiente","11":"desktop-align-left","12":"tablet-align-left","13":"mobile-align-left","15":"first","16":"instock","17":"downloadable","18":"virtual","19":"purchasable","20":"product-type-simple"},"aioseo_notices":[],"jetpack_sharing_enabled":true,"_links":{"self":[{"href":"https:\/\/plataformacosmoseducacao.com.br\/index.php?rest_route=\/wp\/v2\/product\/1248"}],"collection":[{"href":"https:\/\/plataformacosmoseducacao.com.br\/index.php?rest_route=\/wp\/v2\/product"}],"about":[{"href":"https:\/\/plataformacosmoseducacao.com.br\/index.php?rest_route=\/wp\/v2\/types\/product"}],"version-history":[{"count":8,"href":"https:\/\/plataformacosmoseducacao.com.br\/index.php?rest_route=\/wp\/v2\/product\/1248\/revisions"}],"predecessor-version":[{"id":1281,"href":"https:\/\/plataformacosmoseducacao.com.br\/index.php?rest_route=\/wp\/v2\/product\/1248\/revisions\/1281"}],"wp:featuredmedia":[{"embeddable":true,"href":"https:\/\/plataformacosmoseducacao.com.br\/index.php?rest_route=\/wp\/v2\/media\/1251"}],"wp:attachment":[{"href":"https:\/\/plataformacosmoseducacao.com.br\/index.php?rest_route=%2Fwp%2Fv2%2Fmedia&parent=1248"}],"wp:term":[{"taxonomy":"product_brand","embeddable":true,"href":"https:\/\/plataformacosmoseducacao.com.br\/index.php?rest_route=%2Fwp%2Fv2%2Fproduct_brand&post=1248"},{"taxonomy":"product_cat","embeddable":true,"href":"https:\/\/plataformacosmoseducacao.com.br\/index.php?rest_route=%2Fwp%2Fv2%2Fproduct_cat&post=1248"},{"taxonomy":"product_tag","embeddable":true,"href":"https:\/\/plataformacosmoseducacao.com.br\/index.php?rest_route=%2Fwp%2Fv2%2Fproduct_tag&post=1248"}],"curies":[{"name":"wp","href":"https:\/\/api.w.org\/{rel}","templated":true}]}}