{"id":1481,"date":"2023-11-01T15:00:55","date_gmt":"2023-11-01T18:00:55","guid":{"rendered":"https:\/\/plataformacosmoseducacao.com.br\/?post_type=product&#038;p=1481"},"modified":"2023-11-01T15:06:06","modified_gmt":"2023-11-01T18:06:06","slug":"atividade-interativa-relacoes-ecologicas","status":"publish","type":"product","link":"https:\/\/plataformacosmoseducacao.com.br\/?product=atividade-interativa-relacoes-ecologicas","title":{"rendered":"Atividade interativa &#8211; Rela\u00e7\u00f5es ecol\u00f3gicas"},"content":{"rendered":"<p><strong>\u00a0<\/strong><\/p>\n<p><strong>\u00a0Cole\u00e7\u00e3o ci\u00eancias<\/strong><\/p>\n<p><strong>\u00a0<\/strong><\/p>\n<ul>\n<li><strong>Quantidade de PDFs: 1<\/strong><\/li>\n<\/ul>\n<p><strong>\u00a0<\/strong><\/p>\n<ul>\n<li><strong>Quantidade de p\u00e1ginas: 5<\/strong><\/li>\n<\/ul>\n<p><strong>\u00a0<\/strong><\/p>\n<ul>\n<li><strong>Impress\u00e3o: Deve ser impressa colorida. *Dica: se imprimir em papel com gramatura 180g\/m\u00b2 a atividade ficar\u00e1 mais firme e resistente.<\/strong><\/li>\n<\/ul>\n<p><strong>\u00a0<\/strong><\/p>\n<ul>\n<li><strong>V\u00eddeo explicativo: https:\/\/www.instagram.com\/reel\/CzHN4t5JqaT\/?utm_source=ig_web_copy_link&amp;igshid=MzRlODBiNWFlZA==<\/strong><\/li>\n<\/ul>\n","protected":false},"excerpt":{"rendered":"<p>\u00a0 \u00a0Cole\u00e7\u00e3o ci\u00eancias \u00a0 Quantidade de PDFs: 1 \u00a0 Quantidade de p\u00e1ginas: 5 \u00a0 Impress\u00e3o: Deve ser impressa colorida. *Dica: [&hellip;]<\/p>\n","protected":false},"featured_media":1483,"template":"","meta":{"_monsterinsights_skip_tracking":false,"_monsterinsights_sitenote_active":false,"_monsterinsights_sitenote_note":"","_monsterinsights_sitenote_category":0,"site-sidebar-layout":"default","site-content-layout":"","ast-site-content-layout":"default","site-content-style":"default","site-sidebar-style":"default","ast-global-header-display":"","ast-banner-title-visibility":"","ast-main-header-display":"","ast-hfb-above-header-display":"","ast-hfb-below-header-display":"","ast-hfb-mobile-header-display":"","site-post-title":"","ast-breadcrumbs-content":"","ast-featured-img":"","footer-sml-layout":"","theme-transparent-header-meta":"","adv-header-id-meta":"","stick-header-meta":"","header-above-stick-meta":"","header-main-stick-meta":"","header-below-stick-meta":"","astra-migrate-meta-layouts":"default","ast-page-background-enabled":"default","ast-page-background-meta":{"desktop":{"background-color":"var(--ast-global-color-5)","background-image":"","background-repeat":"repeat","background-position":"center center","background-size":"auto","background-attachment":"scroll","background-type":"","background-media":"","overlay-type":"","overlay-color":"","overlay-opacity":"","overlay-gradient":""},"tablet":{"background-color":"","background-image":"","background-repeat":"repeat","background-position":"center center","background-size":"auto","background-attachment":"scroll","background-type":"","background-media":"","overlay-type":"","overlay-color":"","overlay-opacity":"","overlay-gradient":""},"mobile":{"background-color":"","background-image":"","background-repeat":"repeat","background-position":"center center","background-size":"auto","background-attachment":"scroll","background-type":"","background-media":"","overlay-type":"","overlay-color":"","overlay-opacity":"","overlay-gradient":""}},"ast-content-background-meta":{"desktop":{"background-color":"var(--ast-global-color-4)","background-image":"","background-repeat":"repeat","background-position":"center center","background-size":"auto","background-attachment":"scroll","background-type":"","background-media":"","overlay-type":"","overlay-color":"","overlay-opacity":"","overlay-gradient":""},"tablet":{"background-color":"var(--ast-global-color-4)","background-image":"","background-repeat":"repeat","background-position":"center center","background-size":"auto","background-attachment":"scroll","background-type":"","background-media":"","overlay-type":"","overlay-color":"","overlay-opacity":"","overlay-gradient":""},"mobile":{"background-color":"var(--ast-global-color-4)","background-image":"","background-repeat":"repeat","background-position":"center center","background-size":"auto","background-attachment":"scroll","background-type":"","background-media":"","overlay-type":"","overlay-color":"","overlay-opacity":"","overlay-gradient":""}}},"product_brand":[],"product_cat":[15,22,30,19,20,33],"product_tag":[],"class_list":{"0":"post-1481","1":"product","2":"type-product","3":"status-publish","4":"has-post-thumbnail","6":"product_cat-uncategorized","7":"product_cat-biologia","8":"product_cat-ciencias","9":"product_cat-colecao-ciencias","10":"product_cat-ensino-fundamental-ii","11":"product_cat-seres-vivos","12":"desktop-align-left","13":"tablet-align-left","14":"mobile-align-left","16":"first","17":"instock","18":"downloadable","19":"virtual","20":"purchasable","21":"product-type-simple"},"aioseo_notices":[],"jetpack_sharing_enabled":true,"_links":{"self":[{"href":"https:\/\/plataformacosmoseducacao.com.br\/index.php?rest_route=\/wp\/v2\/product\/1481"}],"collection":[{"href":"https:\/\/plataformacosmoseducacao.com.br\/index.php?rest_route=\/wp\/v2\/product"}],"about":[{"href":"https:\/\/plataformacosmoseducacao.com.br\/index.php?rest_route=\/wp\/v2\/types\/product"}],"version-history":[{"count":2,"href":"https:\/\/plataformacosmoseducacao.com.br\/index.php?rest_route=\/wp\/v2\/product\/1481\/revisions"}],"predecessor-version":[{"id":1488,"href":"https:\/\/plataformacosmoseducacao.com.br\/index.php?rest_route=\/wp\/v2\/product\/1481\/revisions\/1488"}],"wp:featuredmedia":[{"embeddable":true,"href":"https:\/\/plataformacosmoseducacao.com.br\/index.php?rest_route=\/wp\/v2\/media\/1483"}],"wp:attachment":[{"href":"https:\/\/plataformacosmoseducacao.com.br\/index.php?rest_route=%2Fwp%2Fv2%2Fmedia&parent=1481"}],"wp:term":[{"taxonomy":"product_brand","embeddable":true,"href":"https:\/\/plataformacosmoseducacao.com.br\/index.php?rest_route=%2Fwp%2Fv2%2Fproduct_brand&post=1481"},{"taxonomy":"product_cat","embeddable":true,"href":"https:\/\/plataformacosmoseducacao.com.br\/index.php?rest_route=%2Fwp%2Fv2%2Fproduct_cat&post=1481"},{"taxonomy":"product_tag","embeddable":true,"href":"https:\/\/plataformacosmoseducacao.com.br\/index.php?rest_route=%2Fwp%2Fv2%2Fproduct_tag&post=1481"}],"curies":[{"name":"wp","href":"https:\/\/api.w.org\/{rel}","templated":true}]}}