{"id":2244,"date":"2024-03-08T22:01:52","date_gmt":"2024-03-09T01:01:52","guid":{"rendered":"https:\/\/plataformacosmoseducacao.com.br\/?post_type=product&#038;p=2244"},"modified":"2024-03-08T22:15:37","modified_gmt":"2024-03-09T01:15:37","slug":"triorama-estados-da-materia-e-mudancas-de-estado","status":"publish","type":"product","link":"https:\/\/plataformacosmoseducacao.com.br\/?product=triorama-estados-da-materia-e-mudancas-de-estado","title":{"rendered":"Triorama &#8211; Estados da mat\u00e9ria e Mudan\u00e7as de estado"},"content":{"rendered":"<p><strong>(Cole\u00e7\u00e3o Ci\u00eancias)<\/strong><\/p>\n<ul>\n<li><strong>Quantidade de PDFs: 1<\/strong><\/li>\n<\/ul>\n<ul>\n<li><strong>Quantidade de p\u00e1ginas: 5<\/strong><\/li>\n<\/ul>\n<ul>\n<li><strong>Impress\u00e3o: Pode ser impressa colorida ou em escala de cinza (PARA COLORIR). <\/strong><\/li>\n<\/ul>\n<ul>\n<li><strong>V\u00eddeo explicativo: https:\/\/www.instagram.com\/p\/C4RkKa6thzi\/?next=%2F<\/strong><\/li>\n<\/ul>\n<p><strong>\u00a0<\/strong><\/p>\n<p><strong>Mais imagens e v\u00eddeos no perfil do Instagram (@cosmoseducacao). <\/strong><\/p>\n<p><strong>Se puder tirar e compartilhar fotos da aplica\u00e7\u00e3o da atividade, ser\u00e1 maravilhoso!!!\u00a0<\/strong><strong>\ud83d\ude42<\/strong><\/p>\n","protected":false},"excerpt":{"rendered":"<p>(Cole\u00e7\u00e3o Ci\u00eancias) Quantidade de PDFs: 1 Quantidade de p\u00e1ginas: 5 Impress\u00e3o: Pode ser impressa colorida ou em escala de cinza [&hellip;]<\/p>\n","protected":false},"featured_media":2248,"template":"","meta":{"_monsterinsights_skip_tracking":false,"_monsterinsights_sitenote_active":false,"_monsterinsights_sitenote_note":"","_monsterinsights_sitenote_category":0,"site-sidebar-layout":"default","site-content-layout":"","ast-site-content-layout":"default","site-content-style":"default","site-sidebar-style":"default","ast-global-header-display":"","ast-banner-title-visibility":"","ast-main-header-display":"","ast-hfb-above-header-display":"","ast-hfb-below-header-display":"","ast-hfb-mobile-header-display":"","site-post-title":"","ast-breadcrumbs-content":"","ast-featured-img":"","footer-sml-layout":"","theme-transparent-header-meta":"","adv-header-id-meta":"","stick-header-meta":"","header-above-stick-meta":"","header-main-stick-meta":"","header-below-stick-meta":"","astra-migrate-meta-layouts":"default","ast-page-background-enabled":"default","ast-page-background-meta":{"desktop":{"background-color":"var(--ast-global-color-5)","background-image":"","background-repeat":"repeat","background-position":"center center","background-size":"auto","background-attachment":"scroll","background-type":"","background-media":"","overlay-type":"","overlay-color":"","overlay-opacity":"","overlay-gradient":""},"tablet":{"background-color":"","background-image":"","background-repeat":"repeat","background-position":"center center","background-size":"auto","background-attachment":"scroll","background-type":"","background-media":"","overlay-type":"","overlay-color":"","overlay-opacity":"","overlay-gradient":""},"mobile":{"background-color":"","background-image":"","background-repeat":"repeat","background-position":"center center","background-size":"auto","background-attachment":"scroll","background-type":"","background-media":"","overlay-type":"","overlay-color":"","overlay-opacity":"","overlay-gradient":""}},"ast-content-background-meta":{"desktop":{"background-color":"var(--ast-global-color-4)","background-image":"","background-repeat":"repeat","background-position":"center center","background-size":"auto","background-attachment":"scroll","background-type":"","background-media":"","overlay-type":"","overlay-color":"","overlay-opacity":"","overlay-gradient":""},"tablet":{"background-color":"var(--ast-global-color-4)","background-image":"","background-repeat":"repeat","background-position":"center center","background-size":"auto","background-attachment":"scroll","background-type":"","background-media":"","overlay-type":"","overlay-color":"","overlay-opacity":"","overlay-gradient":""},"mobile":{"background-color":"var(--ast-global-color-4)","background-image":"","background-repeat":"repeat","background-position":"center center","background-size":"auto","background-attachment":"scroll","background-type":"","background-media":"","overlay-type":"","overlay-color":"","overlay-opacity":"","overlay-gradient":""}}},"product_brand":[],"product_cat":[15,30,19,31,20,50],"product_tag":[],"class_list":{"0":"post-2244","1":"product","2":"type-product","3":"status-publish","4":"has-post-thumbnail","6":"product_cat-uncategorized","7":"product_cat-ciencias","8":"product_cat-colecao-ciencias","9":"product_cat-ensino-fundamental-i","10":"product_cat-ensino-fundamental-ii","11":"product_cat-meio-ambiente","12":"desktop-align-left","13":"tablet-align-left","14":"mobile-align-left","16":"first","17":"instock","18":"downloadable","19":"virtual","20":"purchasable","21":"product-type-simple"},"aioseo_notices":[],"jetpack_sharing_enabled":true,"_links":{"self":[{"href":"https:\/\/plataformacosmoseducacao.com.br\/index.php?rest_route=\/wp\/v2\/product\/2244"}],"collection":[{"href":"https:\/\/plataformacosmoseducacao.com.br\/index.php?rest_route=\/wp\/v2\/product"}],"about":[{"href":"https:\/\/plataformacosmoseducacao.com.br\/index.php?rest_route=\/wp\/v2\/types\/product"}],"version-history":[{"count":2,"href":"https:\/\/plataformacosmoseducacao.com.br\/index.php?rest_route=\/wp\/v2\/product\/2244\/revisions"}],"predecessor-version":[{"id":2251,"href":"https:\/\/plataformacosmoseducacao.com.br\/index.php?rest_route=\/wp\/v2\/product\/2244\/revisions\/2251"}],"wp:featuredmedia":[{"embeddable":true,"href":"https:\/\/plataformacosmoseducacao.com.br\/index.php?rest_route=\/wp\/v2\/media\/2248"}],"wp:attachment":[{"href":"https:\/\/plataformacosmoseducacao.com.br\/index.php?rest_route=%2Fwp%2Fv2%2Fmedia&parent=2244"}],"wp:term":[{"taxonomy":"product_brand","embeddable":true,"href":"https:\/\/plataformacosmoseducacao.com.br\/index.php?rest_route=%2Fwp%2Fv2%2Fproduct_brand&post=2244"},{"taxonomy":"product_cat","embeddable":true,"href":"https:\/\/plataformacosmoseducacao.com.br\/index.php?rest_route=%2Fwp%2Fv2%2Fproduct_cat&post=2244"},{"taxonomy":"product_tag","embeddable":true,"href":"https:\/\/plataformacosmoseducacao.com.br\/index.php?rest_route=%2Fwp%2Fv2%2Fproduct_tag&post=2244"}],"curies":[{"name":"wp","href":"https:\/\/api.w.org\/{rel}","templated":true}]}}