{"id":3049,"date":"2024-08-08T21:41:13","date_gmt":"2024-08-09T00:41:13","guid":{"rendered":"https:\/\/plataformacosmoseducacao.com.br\/?post_type=product&#038;p=3049"},"modified":"2025-11-13T17:02:04","modified_gmt":"2025-11-13T20:02:04","slug":"sistema-endocrino","status":"publish","type":"product","link":"https:\/\/plataformacosmoseducacao.com.br\/?product=sistema-endocrino","title":{"rendered":"Sistema end\u00f3crino"},"content":{"rendered":"<p><strong>(Cole\u00e7\u00e3o Ci\u00eancias)<\/strong><\/p>\n<ul>\n<li><strong>Quantidade de PDFs: 3<\/strong><\/li>\n<\/ul>\n<ul>\n<li><strong>Quantidade de p\u00e1ginas: 13<\/strong><\/li>\n<\/ul>\n<ul>\n<li><strong>Impress\u00e3o: Pode ser impressa colorida, em escala de cinza ou em preto e branco (PARA COLORIR). <\/strong><\/li>\n<\/ul>\n<ul>\n<li><strong>V\u00eddeo explicativo: https:\/\/youtu.be\/h1JsgU1DfhY<\/strong><\/li>\n<\/ul>\n<p><strong>\u00a0<\/strong><\/p>\n<p><strong>Mais imagens e v\u00eddeos no perfil do Instagram (@cosmoseducacao). <\/strong><\/p>\n<p><strong>Se puder tirar e compartilhar fotos da aplica\u00e7\u00e3o da atividade, ser\u00e1 maravilhoso!!!\u00a0<\/strong><strong>\ud83d\ude42<\/strong><\/p>\n","protected":false},"excerpt":{"rendered":"<p>(Cole\u00e7\u00e3o Ci\u00eancias) Quantidade de PDFs: 3 Quantidade de p\u00e1ginas: 13 Impress\u00e3o: Pode ser impressa colorida, em escala de cinza ou [&hellip;]<\/p>\n","protected":false},"featured_media":3053,"template":"","meta":{"_monsterinsights_skip_tracking":false,"_monsterinsights_sitenote_active":false,"_monsterinsights_sitenote_note":"","_monsterinsights_sitenote_category":0,"site-sidebar-layout":"default","site-content-layout":"","ast-site-content-layout":"default","site-content-style":"default","site-sidebar-style":"default","ast-global-header-display":"","ast-banner-title-visibility":"","ast-main-header-display":"","ast-hfb-above-header-display":"","ast-hfb-below-header-display":"","ast-hfb-mobile-header-display":"","site-post-title":"","ast-breadcrumbs-content":"","ast-featured-img":"","footer-sml-layout":"","theme-transparent-header-meta":"default","adv-header-id-meta":"","stick-header-meta":"","header-above-stick-meta":"","header-main-stick-meta":"","header-below-stick-meta":"","astra-migrate-meta-layouts":"set","ast-page-background-enabled":"default","ast-page-background-meta":{"desktop":{"background-color":"var(--ast-global-color-5)","background-image":"","background-repeat":"repeat","background-position":"center center","background-size":"auto","background-attachment":"scroll","background-type":"","background-media":"","overlay-type":"","overlay-color":"","overlay-opacity":"","overlay-gradient":""},"tablet":{"background-color":"","background-image":"","background-repeat":"repeat","background-position":"center center","background-size":"auto","background-attachment":"scroll","background-type":"","background-media":"","overlay-type":"","overlay-color":"","overlay-opacity":"","overlay-gradient":""},"mobile":{"background-color":"","background-image":"","background-repeat":"repeat","background-position":"center center","background-size":"auto","background-attachment":"scroll","background-type":"","background-media":"","overlay-type":"","overlay-color":"","overlay-opacity":"","overlay-gradient":""}},"ast-content-background-meta":{"desktop":{"background-color":"var(--ast-global-color-4)","background-image":"","background-repeat":"repeat","background-position":"center center","background-size":"auto","background-attachment":"scroll","background-type":"","background-media":"","overlay-type":"","overlay-color":"","overlay-opacity":"","overlay-gradient":""},"tablet":{"background-color":"var(--ast-global-color-4)","background-image":"","background-repeat":"repeat","background-position":"center center","background-size":"auto","background-attachment":"scroll","background-type":"","background-media":"","overlay-type":"","overlay-color":"","overlay-opacity":"","overlay-gradient":""},"mobile":{"background-color":"var(--ast-global-color-4)","background-image":"","background-repeat":"repeat","background-position":"center center","background-size":"auto","background-attachment":"scroll","background-type":"","background-media":"","overlay-type":"","overlay-color":"","overlay-opacity":"","overlay-gradient":""}}},"product_brand":[],"product_cat":[15,22,30,19,48,20,21],"product_tag":[],"class_list":{"0":"post-3049","1":"product","2":"type-product","3":"status-publish","4":"has-post-thumbnail","6":"product_cat-uncategorized","7":"product_cat-biologia","8":"product_cat-ciencias","9":"product_cat-colecao-ciencias","10":"product_cat-corpo-humano","11":"product_cat-ensino-fundamental-ii","12":"product_cat-ensino-medio","13":"desktop-align-left","14":"tablet-align-left","15":"mobile-align-left","17":"first","18":"instock","19":"downloadable","20":"virtual","21":"purchasable","22":"product-type-simple"},"aioseo_notices":[],"jetpack_sharing_enabled":true,"_links":{"self":[{"href":"https:\/\/plataformacosmoseducacao.com.br\/index.php?rest_route=\/wp\/v2\/product\/3049"}],"collection":[{"href":"https:\/\/plataformacosmoseducacao.com.br\/index.php?rest_route=\/wp\/v2\/product"}],"about":[{"href":"https:\/\/plataformacosmoseducacao.com.br\/index.php?rest_route=\/wp\/v2\/types\/product"}],"version-history":[{"count":1,"href":"https:\/\/plataformacosmoseducacao.com.br\/index.php?rest_route=\/wp\/v2\/product\/3049\/revisions"}],"predecessor-version":[{"id":3055,"href":"https:\/\/plataformacosmoseducacao.com.br\/index.php?rest_route=\/wp\/v2\/product\/3049\/revisions\/3055"}],"wp:featuredmedia":[{"embeddable":true,"href":"https:\/\/plataformacosmoseducacao.com.br\/index.php?rest_route=\/wp\/v2\/media\/3053"}],"wp:attachment":[{"href":"https:\/\/plataformacosmoseducacao.com.br\/index.php?rest_route=%2Fwp%2Fv2%2Fmedia&parent=3049"}],"wp:term":[{"taxonomy":"product_brand","embeddable":true,"href":"https:\/\/plataformacosmoseducacao.com.br\/index.php?rest_route=%2Fwp%2Fv2%2Fproduct_brand&post=3049"},{"taxonomy":"product_cat","embeddable":true,"href":"https:\/\/plataformacosmoseducacao.com.br\/index.php?rest_route=%2Fwp%2Fv2%2Fproduct_cat&post=3049"},{"taxonomy":"product_tag","embeddable":true,"href":"https:\/\/plataformacosmoseducacao.com.br\/index.php?rest_route=%2Fwp%2Fv2%2Fproduct_tag&post=3049"}],"curies":[{"name":"wp","href":"https:\/\/api.w.org\/{rel}","templated":true}]}}