{"id":3505,"date":"2024-10-10T18:44:14","date_gmt":"2024-10-10T21:44:14","guid":{"rendered":"https:\/\/plataformacosmoseducacao.com.br\/?post_type=product&#038;p=3505"},"modified":"2024-10-17T18:45:33","modified_gmt":"2024-10-17T21:45:33","slug":"jogo-de-trinca-sistemas-do-corpo-humano","status":"publish","type":"product","link":"https:\/\/plataformacosmoseducacao.com.br\/?product=jogo-de-trinca-sistemas-do-corpo-humano","title":{"rendered":"Jogo de trincas &#8211; Sistemas do corpo humano"},"content":{"rendered":"<ul>\n<li><strong>Quantidade de PDFs: 1<\/strong><\/li>\n<\/ul>\n<p><strong>\u00a0<\/strong><\/p>\n<ul>\n<li><strong>Quantidade de p\u00e1ginas: 8 (36 cartas, molde para caixa e instru\u00e7\u00f5es do jogo).<\/strong><\/li>\n<\/ul>\n<p><strong>\u00a0<\/strong><\/p>\n<ul>\n<li><strong>Impress\u00e3o: Deve ser impresso colorido.<\/strong><\/li>\n<\/ul>\n<p>&nbsp;<\/p>\n<ul>\n<li><strong>*Dica: se imprimir em papel com gramatura 180g\/m\u00b2 ficar\u00e1 mais firme e resistente.<\/strong><\/li>\n<\/ul>\n<p><strong>\u00a0<\/strong><\/p>\n<ul>\n<li><strong>V\u00eddeo explicativo:<a href=\"https:\/\/www.youtube.com\/watch?v=7E8fAf531xg\"> https:\/\/www.youtube.com\/watch?v=64JpAs8H1z4<\/a><\/strong><\/li>\n<\/ul>\n","protected":false},"excerpt":{"rendered":"<p>Quantidade de PDFs: 1 \u00a0 Quantidade de p\u00e1ginas: 8 (36 cartas, molde para caixa e instru\u00e7\u00f5es do jogo). \u00a0 Impress\u00e3o: [&hellip;]<\/p>\n","protected":false},"featured_media":3556,"template":"","meta":{"_monsterinsights_skip_tracking":false,"_monsterinsights_sitenote_active":false,"_monsterinsights_sitenote_note":"","_monsterinsights_sitenote_category":0,"site-sidebar-layout":"default","site-content-layout":"","ast-site-content-layout":"default","site-content-style":"default","site-sidebar-style":"default","ast-global-header-display":"","ast-banner-title-visibility":"","ast-main-header-display":"","ast-hfb-above-header-display":"","ast-hfb-below-header-display":"","ast-hfb-mobile-header-display":"","site-post-title":"","ast-breadcrumbs-content":"","ast-featured-img":"","footer-sml-layout":"","theme-transparent-header-meta":"","adv-header-id-meta":"","stick-header-meta":"","header-above-stick-meta":"","header-main-stick-meta":"","header-below-stick-meta":"","astra-migrate-meta-layouts":"default","ast-page-background-enabled":"default","ast-page-background-meta":{"desktop":{"background-color":"var(--ast-global-color-5)","background-image":"","background-repeat":"repeat","background-position":"center center","background-size":"auto","background-attachment":"scroll","background-type":"","background-media":"","overlay-type":"","overlay-color":"","overlay-opacity":"","overlay-gradient":""},"tablet":{"background-color":"","background-image":"","background-repeat":"repeat","background-position":"center center","background-size":"auto","background-attachment":"scroll","background-type":"","background-media":"","overlay-type":"","overlay-color":"","overlay-opacity":"","overlay-gradient":""},"mobile":{"background-color":"","background-image":"","background-repeat":"repeat","background-position":"center center","background-size":"auto","background-attachment":"scroll","background-type":"","background-media":"","overlay-type":"","overlay-color":"","overlay-opacity":"","overlay-gradient":""}},"ast-content-background-meta":{"desktop":{"background-color":"var(--ast-global-color-4)","background-image":"","background-repeat":"repeat","background-position":"center center","background-size":"auto","background-attachment":"scroll","background-type":"","background-media":"","overlay-type":"","overlay-color":"","overlay-opacity":"","overlay-gradient":""},"tablet":{"background-color":"var(--ast-global-color-4)","background-image":"","background-repeat":"repeat","background-position":"center center","background-size":"auto","background-attachment":"scroll","background-type":"","background-media":"","overlay-type":"","overlay-color":"","overlay-opacity":"","overlay-gradient":""},"mobile":{"background-color":"var(--ast-global-color-4)","background-image":"","background-repeat":"repeat","background-position":"center center","background-size":"auto","background-attachment":"scroll","background-type":"","background-media":"","overlay-type":"","overlay-color":"","overlay-opacity":"","overlay-gradient":""}}},"product_brand":[],"product_cat":[15,22,30,19,48,31,20,21,49],"product_tag":[],"class_list":{"0":"post-3505","1":"product","2":"type-product","3":"status-publish","4":"has-post-thumbnail","6":"product_cat-uncategorized","7":"product_cat-biologia","8":"product_cat-ciencias","9":"product_cat-colecao-ciencias","10":"product_cat-corpo-humano","11":"product_cat-ensino-fundamental-i","12":"product_cat-ensino-fundamental-ii","13":"product_cat-ensino-medio","14":"product_cat-jogos","15":"desktop-align-left","16":"tablet-align-left","17":"mobile-align-left","19":"first","20":"instock","21":"downloadable","22":"virtual","23":"purchasable","24":"product-type-simple"},"aioseo_notices":[],"jetpack_sharing_enabled":true,"_links":{"self":[{"href":"https:\/\/plataformacosmoseducacao.com.br\/index.php?rest_route=\/wp\/v2\/product\/3505"}],"collection":[{"href":"https:\/\/plataformacosmoseducacao.com.br\/index.php?rest_route=\/wp\/v2\/product"}],"about":[{"href":"https:\/\/plataformacosmoseducacao.com.br\/index.php?rest_route=\/wp\/v2\/types\/product"}],"version-history":[{"count":3,"href":"https:\/\/plataformacosmoseducacao.com.br\/index.php?rest_route=\/wp\/v2\/product\/3505\/revisions"}],"predecessor-version":[{"id":3552,"href":"https:\/\/plataformacosmoseducacao.com.br\/index.php?rest_route=\/wp\/v2\/product\/3505\/revisions\/3552"}],"wp:featuredmedia":[{"embeddable":true,"href":"https:\/\/plataformacosmoseducacao.com.br\/index.php?rest_route=\/wp\/v2\/media\/3556"}],"wp:attachment":[{"href":"https:\/\/plataformacosmoseducacao.com.br\/index.php?rest_route=%2Fwp%2Fv2%2Fmedia&parent=3505"}],"wp:term":[{"taxonomy":"product_brand","embeddable":true,"href":"https:\/\/plataformacosmoseducacao.com.br\/index.php?rest_route=%2Fwp%2Fv2%2Fproduct_brand&post=3505"},{"taxonomy":"product_cat","embeddable":true,"href":"https:\/\/plataformacosmoseducacao.com.br\/index.php?rest_route=%2Fwp%2Fv2%2Fproduct_cat&post=3505"},{"taxonomy":"product_tag","embeddable":true,"href":"https:\/\/plataformacosmoseducacao.com.br\/index.php?rest_route=%2Fwp%2Fv2%2Fproduct_tag&post=3505"}],"curies":[{"name":"wp","href":"https:\/\/api.w.org\/{rel}","templated":true}]}}